{"id":66,"date":"2026-02-01T16:50:40","date_gmt":"2026-02-01T16:50:40","guid":{"rendered":"https:\/\/advogadosls.com\/?page_id=66"},"modified":"2026-02-01T17:28:59","modified_gmt":"2026-02-01T17:28:59","slug":"66-2","status":"publish","type":"page","link":"https:\/\/advogadosls.com\/index.php\/66-2\/","title":{"rendered":"\u00c1reas de Atua\u00e7\u00e3o v2"},"content":{"rendered":"\n<div class=\"ls-main-wrapper\">\n    \n    <div class=\"ls-header-row\">\n        <div class=\"ls-header-left\">\n            <h3 class=\"ls-secondary-title\">\u00c1reas Privilegiadas<\/h3>\n        <\/div>\n        <div class=\"ls-header-right\">\n            <h1 class=\"ls-main-header\">\u00c1reas de Atua\u00e7\u00e3o<\/h1>\n        <\/div>\n    <\/div>\n\n    <div class=\"ls-table-layout\">\n        \n        <div class=\"ls-table-cell ls-col-priv\">\n            <div class=\"ls-sub-grid\" id=\"priv-container\">\n                <ul class=\"ls-list-no-bullets\">\n                    <li class=\"p-suc\">Partilhas de Heran\u00e7as<\/li>\n                    <li class=\"p-suc\">Processos de Invent\u00e1rio<\/li>\n                    <li class=\"p-fam\">Div\u00f3rcios<\/li>\n                    <li class=\"p-fam\">Regula\u00e7\u00e3o de Responsabilidades Parentais<\/li>\n                    <li class=\"p-fam\">Alimentos a Menores<\/li>\n                    <li class=\"p-pen\">Contraordena\u00e7\u00f5es<\/li>\n                    <li class=\"p-prop\">A\u00e7\u00f5es de Propriedade<\/li>\n                    <li class=\"p-prop\">Registos<\/li>\n                    <li class=\"p-prop p-obr\">Condom\u00ednios<\/li>\n                <\/ul>\n                <ul class=\"ls-list-no-bullets\">\n                    <li class=\"p-prop p-obr\">Arrendamento<\/li>\n                    <li class=\"p-obr\">Cobran\u00e7as de D\u00edvidas<\/li>\n                    <li class=\"p-obr\">Contratos<\/li>\n                    <li class=\"p-obr\">Responsabilidade Civil<\/li>\n                    <li class=\"p-obr\">Acidentes de Via\u00e7\u00e3o<\/li>\n                    <li class=\"p-lab\">Rela\u00e7\u00f5es Laborais<\/li>\n                    <li class=\"p-lab\">Despedimentos<\/li>\n                    <li class=\"p-med\">Erro M\u00e9dico<\/li>\n                <\/ul>\n            <\/div>\n        <\/div>\n\n        <div class=\"ls-table-cell ls-col-atuacao\">\n            <div class=\"ls-group\" onmouseover=\"lsHighlight('p-suc', this)\" onmouseout=\"lsClear(this)\">\n                <h2 class=\"ls-title\">Direito das Sucess\u00f5es<\/h2>\n            <\/div>\n            <div class=\"ls-group\" onmouseover=\"lsHighlight('p-fam', this)\" onmouseout=\"lsClear(this)\">\n                <h2 class=\"ls-title\">Direito da Fam\u00edlia<\/h2>\n            <\/div>\n            <div class=\"ls-group\" onmouseover=\"lsHighlight('p-pen', this)\" onmouseout=\"lsClear(this)\">\n                <h2 class=\"ls-title\">Direito Penal<\/h2>\n            <\/div>\n            <div class=\"ls-group\" onmouseover=\"lsHighlight('p-prop', this)\" onmouseout=\"lsClear(this)\">\n                <h2 class=\"ls-title\">Direito da Propriedade<\/h2>\n            <\/div>\n            <div class=\"ls-group\" onmouseover=\"lsHighlight('p-obr', this)\" onmouseout=\"lsClear(this)\">\n                <h2 class=\"ls-title\">Direito das Obriga\u00e7\u00f5es<\/h2>\n            <\/div>\n            <div class=\"ls-group\" onmouseover=\"lsHighlight('p-med', this)\" onmouseout=\"lsClear(this)\">\n                <h2 class=\"ls-title\">Responsabilidade Civil M\u00e9dica<\/h2>\n            <\/div>\n        <\/div>\n    <\/div>\n<\/div>\n\n<script>\nfunction lsHighlight(cls, el) {\n    const allItems = document.querySelectorAll('#priv-container li');\n    allItems.forEach(li => {\n        li.style.opacity = \"0.15\";\n        li.style.color = \"#444\";\n    });\n    const targets = document.querySelectorAll('.' + cls);\n    targets.forEach(li => {\n        li.style.opacity = \"1\";\n        li.style.color = \"#b08d57\";\n        li.style.fontWeight = \"bold\";\n    });\n    el.querySelector('.ls-title').style.color = \"#b08d57\";\n}\n\nfunction lsClear(el) {\n    const allItems = document.querySelectorAll('#priv-container li');\n    allItems.forEach(li => {\n        li.style.opacity = \"1\";\n        li.style.color = \"#444\";\n        li.style.fontWeight = \"normal\";\n    });\n    el.querySelector('.ls-title').style.color = \"#1a1a1a\";\n}\n<\/script>\n\n<style>\n    .ls-main-wrapper {\n        font-family: 'Calibri', sans-serif !important;\n        max-width: 1200px;\n        margin: 0 auto;\n        padding: 40px 10px;\n    }\n\n    \/* CABE\u00c7ALHO EM TABELA PARA GARANTIR N\u00cdVEL *\/\n    .ls-header-row {\n        display: table !important;\n        width: 100% !important;\n        border-bottom: 2px solid #b08d57;\n        padding-bottom: 10px;\n        margin-bottom: 30px;\n    }\n\n    .ls-header-left, .ls-header-right {\n        display: table-cell !important;\n        vertical-align: bottom;\n    }\n\n    .ls-header-right { text-align: right; }\n\n    .ls-main-header {\n        font-size: 2.2rem;\n        font-weight: bold;\n        color: #1a1a1a;\n        text-transform: uppercase;\n        margin: 0 !important;\n    }\n\n    .ls-secondary-title {\n        font-size: 1.6rem;\n        color: #b08d57;\n        font-weight: bold;\n        margin: 0 !important;\n    }\n\n    \/* LAYOUT DE COLUNAS EM TABELA (INQUEBR\u00c1VEL) *\/\n    .ls-table-layout {\n        display: table !important;\n        width: 100% !important;\n        border-collapse: separate;\n        border-spacing: 30px 0;\n    }\n\n    .ls-table-cell {\n        display: table-cell !important;\n        vertical-align: top;\n    }\n\n    .ls-col-priv {\n        width: 55% !important;\n        border-right: 1px solid #eee;\n        padding-right: 20px;\n    }\n\n    .ls-col-atuacao {\n        width: 45% !important;\n        text-align: right;\n    }\n\n    \/* SUB-COLUNAS DA ESQUERDA *\/\n    .ls-sub-grid {\n        display: table !important;\n        width: 100% !important;\n    }\n\n    .ls-list-no-bullets {\n        display: table-cell !important;\n        width: 50% !important;\n        list-style: none !important;\n        padding: 0 !important;\n        margin: 0 !important;\n    }\n\n    .ls-list-no-bullets li {\n\n\n\n<p><\/p>\n","protected":false},"excerpt":{"rendered":"<p>\u00c1reas Privilegiadas \u00c1reas de Atua\u00e7\u00e3o Partilhas de Heran\u00e7as Processos de Invent\u00e1rio Div\u00f3rcios Regula\u00e7\u00e3o de Responsabilidades Parentais Alimentos a Menores Contraordena\u00e7\u00f5es A\u00e7\u00f5es de Propriedade Registos Condom\u00ednios Arrendamento Cobran\u00e7as de D\u00edvidas Contratos Responsabilidade Civil Acidentes de Via\u00e7\u00e3o Rela\u00e7\u00f5es Laborais Despedimentos Erro M\u00e9dico Direito das Sucess\u00f5es Direito da Fam\u00edlia Direito Penal Direito da Propriedade Direito das Obriga\u00e7\u00f5es Responsabilidade &#8230; <a title=\"\u00c1reas de Atua\u00e7\u00e3o v2\" class=\"read-more\" href=\"https:\/\/advogadosls.com\/index.php\/66-2\/\" aria-label=\"Read more about \u00c1reas de Atua\u00e7\u00e3o v2\">Read more<\/a><\/p>\n","protected":false},"author":1,"featured_media":0,"parent":0,"menu_order":0,"comment_status":"closed","ping_status":"closed","template":"","meta":{"footnotes":""},"class_list":["post-66","page","type-page","status-publish"],"yoast_head":"<!-- This site is optimized with the Yoast SEO plugin v26.6 - https:\/\/yoast.com\/wordpress\/plugins\/seo\/ -->\n<title>\u00c1reas de Atua\u00e7\u00e3o v2 - LUIZ DE CARVALHO &amp; SARA DE MIRANDA \u2014 Advogados<\/title>\n<meta name=\"robots\" content=\"index, follow, max-snippet:-1, max-image-preview:large, max-video-preview:-1\" \/>\n<link rel=\"canonical\" href=\"https:\/\/advogadosls.com\/index.php\/66-2\/\" \/>\n<meta property=\"og:locale\" content=\"en_US\" \/>\n<meta property=\"og:type\" content=\"article\" \/>\n<meta property=\"og:title\" content=\"\u00c1reas de Atua\u00e7\u00e3o v2 - LUIZ DE CARVALHO &amp; SARA DE MIRANDA \u2014 Advogados\" \/>\n<meta property=\"og:description\" content=\"\u00c1reas Privilegiadas \u00c1reas de Atua\u00e7\u00e3o Partilhas de Heran\u00e7as Processos de Invent\u00e1rio Div\u00f3rcios Regula\u00e7\u00e3o de Responsabilidades Parentais Alimentos a Menores Contraordena\u00e7\u00f5es A\u00e7\u00f5es de Propriedade Registos Condom\u00ednios Arrendamento Cobran\u00e7as de D\u00edvidas Contratos Responsabilidade Civil Acidentes de Via\u00e7\u00e3o Rela\u00e7\u00f5es Laborais Despedimentos Erro M\u00e9dico Direito das Sucess\u00f5es Direito da Fam\u00edlia Direito Penal Direito da Propriedade Direito das Obriga\u00e7\u00f5es Responsabilidade ... Read more\" \/>\n<meta property=\"og:url\" content=\"https:\/\/advogadosls.com\/index.php\/66-2\/\" \/>\n<meta property=\"og:site_name\" content=\"LUIZ DE CARVALHO &amp; SARA DE MIRANDA \u2014 Advogados\" \/>\n<meta property=\"article:modified_time\" content=\"2026-02-01T17:28:59+00:00\" \/>\n<meta name=\"twitter:card\" content=\"summary_large_image\" \/>\n<meta name=\"twitter:label1\" content=\"Est. reading time\" \/>\n\t<meta name=\"twitter:data1\" content=\"1 minute\" \/>\n<script type=\"application\/ld+json\" class=\"yoast-schema-graph\">{\"@context\":\"https:\/\/schema.org\",\"@graph\":[{\"@type\":\"WebPage\",\"@id\":\"https:\/\/advogadosls.com\/index.php\/66-2\/\",\"url\":\"https:\/\/advogadosls.com\/index.php\/66-2\/\",\"name\":\"\u00c1reas de Atua\u00e7\u00e3o v2 - LUIZ DE CARVALHO &amp; SARA DE MIRANDA \u2014 Advogados\",\"isPartOf\":{\"@id\":\"https:\/\/advogadosls.com\/#website\"},\"datePublished\":\"2026-02-01T16:50:40+00:00\",\"dateModified\":\"2026-02-01T17:28:59+00:00\",\"breadcrumb\":{\"@id\":\"https:\/\/advogadosls.com\/index.php\/66-2\/#breadcrumb\"},\"inLanguage\":\"en-US\",\"potentialAction\":[{\"@type\":\"ReadAction\",\"target\":[\"https:\/\/advogadosls.com\/index.php\/66-2\/\"]}]},{\"@type\":\"BreadcrumbList\",\"@id\":\"https:\/\/advogadosls.com\/index.php\/66-2\/#breadcrumb\",\"itemListElement\":[{\"@type\":\"ListItem\",\"position\":1,\"name\":\"Home\",\"item\":\"https:\/\/advogadosls.com\/\"},{\"@type\":\"ListItem\",\"position\":2,\"name\":\"\u00c1reas de Atua\u00e7\u00e3o v2\"}]},{\"@type\":\"WebSite\",\"@id\":\"https:\/\/advogadosls.com\/#website\",\"url\":\"https:\/\/advogadosls.com\/\",\"name\":\"LUIZ DE CARVALHO &amp; SARA DE MIRANDA \u2014 Advogados\",\"description\":\"luizsaraadv\",\"potentialAction\":[{\"@type\":\"SearchAction\",\"target\":{\"@type\":\"EntryPoint\",\"urlTemplate\":\"https:\/\/advogadosls.com\/?s={search_term_string}\"},\"query-input\":{\"@type\":\"PropertyValueSpecification\",\"valueRequired\":true,\"valueName\":\"search_term_string\"}}],\"inLanguage\":\"en-US\"}]}<\/script>\n<!-- \/ Yoast SEO plugin. -->","yoast_head_json":{"title":"\u00c1reas de Atua\u00e7\u00e3o v2 - LUIZ DE CARVALHO &amp; SARA DE MIRANDA \u2014 Advogados","robots":{"index":"index","follow":"follow","max-snippet":"max-snippet:-1","max-image-preview":"max-image-preview:large","max-video-preview":"max-video-preview:-1"},"canonical":"https:\/\/advogadosls.com\/index.php\/66-2\/","og_locale":"en_US","og_type":"article","og_title":"\u00c1reas de Atua\u00e7\u00e3o v2 - LUIZ DE CARVALHO &amp; SARA DE MIRANDA \u2014 Advogados","og_description":"\u00c1reas Privilegiadas \u00c1reas de Atua\u00e7\u00e3o Partilhas de Heran\u00e7as Processos de Invent\u00e1rio Div\u00f3rcios Regula\u00e7\u00e3o de Responsabilidades Parentais Alimentos a Menores Contraordena\u00e7\u00f5es A\u00e7\u00f5es de Propriedade Registos Condom\u00ednios Arrendamento Cobran\u00e7as de D\u00edvidas Contratos Responsabilidade Civil Acidentes de Via\u00e7\u00e3o Rela\u00e7\u00f5es Laborais Despedimentos Erro M\u00e9dico Direito das Sucess\u00f5es Direito da Fam\u00edlia Direito Penal Direito da Propriedade Direito das Obriga\u00e7\u00f5es Responsabilidade ... Read more","og_url":"https:\/\/advogadosls.com\/index.php\/66-2\/","og_site_name":"LUIZ DE CARVALHO &amp; SARA DE MIRANDA \u2014 Advogados","article_modified_time":"2026-02-01T17:28:59+00:00","twitter_card":"summary_large_image","twitter_misc":{"Est. reading time":"1 minute"},"schema":{"@context":"https:\/\/schema.org","@graph":[{"@type":"WebPage","@id":"https:\/\/advogadosls.com\/index.php\/66-2\/","url":"https:\/\/advogadosls.com\/index.php\/66-2\/","name":"\u00c1reas de Atua\u00e7\u00e3o v2 - LUIZ DE CARVALHO &amp; SARA DE MIRANDA \u2014 Advogados","isPartOf":{"@id":"https:\/\/advogadosls.com\/#website"},"datePublished":"2026-02-01T16:50:40+00:00","dateModified":"2026-02-01T17:28:59+00:00","breadcrumb":{"@id":"https:\/\/advogadosls.com\/index.php\/66-2\/#breadcrumb"},"inLanguage":"en-US","potentialAction":[{"@type":"ReadAction","target":["https:\/\/advogadosls.com\/index.php\/66-2\/"]}]},{"@type":"BreadcrumbList","@id":"https:\/\/advogadosls.com\/index.php\/66-2\/#breadcrumb","itemListElement":[{"@type":"ListItem","position":1,"name":"Home","item":"https:\/\/advogadosls.com\/"},{"@type":"ListItem","position":2,"name":"\u00c1reas de Atua\u00e7\u00e3o v2"}]},{"@type":"WebSite","@id":"https:\/\/advogadosls.com\/#website","url":"https:\/\/advogadosls.com\/","name":"LUIZ DE CARVALHO &amp; SARA DE MIRANDA \u2014 Advogados","description":"luizsaraadv","potentialAction":[{"@type":"SearchAction","target":{"@type":"EntryPoint","urlTemplate":"https:\/\/advogadosls.com\/?s={search_term_string}"},"query-input":{"@type":"PropertyValueSpecification","valueRequired":true,"valueName":"search_term_string"}}],"inLanguage":"en-US"}]}},"_links":{"self":[{"href":"https:\/\/advogadosls.com\/index.php\/wp-json\/wp\/v2\/pages\/66","targetHints":{"allow":["GET"]}}],"collection":[{"href":"https:\/\/advogadosls.com\/index.php\/wp-json\/wp\/v2\/pages"}],"about":[{"href":"https:\/\/advogadosls.com\/index.php\/wp-json\/wp\/v2\/types\/page"}],"author":[{"embeddable":true,"href":"https:\/\/advogadosls.com\/index.php\/wp-json\/wp\/v2\/users\/1"}],"replies":[{"embeddable":true,"href":"https:\/\/advogadosls.com\/index.php\/wp-json\/wp\/v2\/comments?post=66"}],"version-history":[{"count":16,"href":"https:\/\/advogadosls.com\/index.php\/wp-json\/wp\/v2\/pages\/66\/revisions"}],"predecessor-version":[{"id":90,"href":"https:\/\/advogadosls.com\/index.php\/wp-json\/wp\/v2\/pages\/66\/revisions\/90"}],"wp:attachment":[{"href":"https:\/\/advogadosls.com\/index.php\/wp-json\/wp\/v2\/media?parent=66"}],"curies":[{"name":"wp","href":"https:\/\/api.w.org\/{rel}","templated":true}]}}